{"id":819,"date":"2026-03-26T15:22:26","date_gmt":"2026-03-26T15:22:26","guid":{"rendered":"https:\/\/moroccotoptour.com\/?page_id=819"},"modified":"2026-03-26T15:25:43","modified_gmt":"2026-03-26T15:25:43","slug":"819-2","status":"publish","type":"page","link":"https:\/\/moroccotoptour.com\/fr\/819-2\/","title":{"rendered":"R\u00e9server l'excursion dans le d\u00e9sert du Sahara \u00e0 partir de Marrakech"},"content":{"rendered":"<script type=\"text\/javascript\" src=\"https:\/\/widgets.bokun.io\/assets\/javascripts\/apps\/build\/BokunWidgetsLoader.js?bookingChannelUUID=47c639a5-31ab-4096-ad58-9c3569ee8815\" async><\/script>\n     \n    <div class=\"bokunWidget\" data-src=\"https:\/\/widgets.bokun.io\/online-sales\/47c639a5-31ab-4096-ad58-9c3569ee8815\/experience-calendar\/1159507\"><\/div>\n    <noscript>Please enable javascript in your browser to book<\/noscript>","protected":false},"excerpt":{"rendered":"<p>Please enable javascript in your browser to book &#8230; <\/p>","protected":false},"author":1,"featured_media":0,"parent":0,"menu_order":0,"comment_status":"closed","ping_status":"closed","template":"","meta":{"_uf_show_specific_survey":0,"_uf_disable_surveys":false,"footnotes":""},"class_list":["post-819","page","type-page","status-publish","hentry"],"_links":{"self":[{"href":"https:\/\/moroccotoptour.com\/fr\/wp-json\/wp\/v2\/pages\/819","targetHints":{"allow":["GET"]}}],"collection":[{"href":"https:\/\/moroccotoptour.com\/fr\/wp-json\/wp\/v2\/pages"}],"about":[{"href":"https:\/\/moroccotoptour.com\/fr\/wp-json\/wp\/v2\/types\/page"}],"author":[{"embeddable":true,"href":"https:\/\/moroccotoptour.com\/fr\/wp-json\/wp\/v2\/users\/1"}],"replies":[{"embeddable":true,"href":"https:\/\/moroccotoptour.com\/fr\/wp-json\/wp\/v2\/comments?post=819"}],"version-history":[{"count":2,"href":"https:\/\/moroccotoptour.com\/fr\/wp-json\/wp\/v2\/pages\/819\/revisions"}],"predecessor-version":[{"id":821,"href":"https:\/\/moroccotoptour.com\/fr\/wp-json\/wp\/v2\/pages\/819\/revisions\/821"}],"wp:attachment":[{"href":"https:\/\/moroccotoptour.com\/fr\/wp-json\/wp\/v2\/media?parent=819"}],"curies":[{"name":"wp","href":"https:\/\/api.w.org\/{rel}","templated":true}]}}